{"id":106,"date":"2020-02-06T17:38:46","date_gmt":"2020-02-06T16:38:46","guid":{"rendered":"http:\/\/numidiamusic.com\/?page_id=106"},"modified":"2021-08-23T11:42:22","modified_gmt":"2021-08-23T09:42:22","slug":"presentation","status":"publish","type":"page","link":"https:\/\/numidiamusic.com\/index.php\/meltin-pop-band-2\/presentation\/","title":{"rendered":"Melt&rsquo;in Pop Band"},"content":{"rendered":"\n<div class=\"wp-block-image\"><figure class=\"aligncenter size-large\"><img loading=\"lazy\" decoding=\"async\" width=\"724\" height=\"1024\" src=\"https:\/\/numidiamusic.com\/wp-content\/uploads\/2020\/02\/MeltInPopDisco2020v3-1-724x1024.jpg\" alt=\"\" class=\"wp-image-151\" srcset=\"https:\/\/numidiamusic.com\/wp-content\/uploads\/2020\/02\/MeltInPopDisco2020v3-1-724x1024.jpg 724w, https:\/\/numidiamusic.com\/wp-content\/uploads\/2020\/02\/MeltInPopDisco2020v3-1-212x300.jpg 212w, https:\/\/numidiamusic.com\/wp-content\/uploads\/2020\/02\/MeltInPopDisco2020v3-1-768x1086.jpg 768w, https:\/\/numidiamusic.com\/wp-content\/uploads\/2020\/02\/MeltInPopDisco2020v3-1-1086x1536.jpg 1086w, https:\/\/numidiamusic.com\/wp-content\/uploads\/2020\/02\/MeltInPopDisco2020v3-1-1448x2048.jpg 1448w, https:\/\/numidiamusic.com\/wp-content\/uploads\/2020\/02\/MeltInPopDisco2020v3-1-1200x1697.jpg 1200w, https:\/\/numidiamusic.com\/wp-content\/uploads\/2020\/02\/MeltInPopDisco2020v3-1-scaled.jpg 1810w\" sizes=\"auto, (max-width: 724px) 100vw, 724px\" \/><\/figure><\/div>\n\n\n\n<div class=\"wp-block-group\"><div class=\"wp-block-group__inner-container is-layout-flow wp-block-group-is-layout-flow\">\n<p class=\"has-drop-cap has-text-color has-background has-medium-font-size\" style=\"background-color:#4d1038;color:#e6d694\"><em><strong>Melt\u2019in Pop Band<\/strong>,\u00a0vous pr\u00e9sente son Show \u00ab\u00a0The Disco Story\u00a0\u00bb. Retrouvez les incontournables tubes des Boney M, ABBA, Gloria Gaynor, KC, Eruption,\u00a0Donna Summer, Chic\u2026 et autres. <br>Avec ses\u00a0chanteuses, choristes, danseuses et musicien, passionn\u00e9s et p\u00e9tillants, voici le <strong>Melt\u2019in Pop<\/strong> <strong>Band<\/strong> qui vous transportera sur des airs connus et reconnus de tous, juste\u00a0pour vous faire plaisir en soir\u00e9e et concert, priv\u00e9s ou publics . <br>Laissez-vous embarquer par ce show, dans une ambiance festive, color\u00e9e et remplie de paillettes\u00a0!<\/em><\/p>\n\n\n\n<p><\/p>\n<\/div><\/div>\n","protected":false},"excerpt":{"rendered":"<p>Melt\u2019in Pop Band,\u00a0vous pr\u00e9sente son Show \u00ab\u00a0The Disco Story\u00a0\u00bb. Retrouvez les incontournables tubes des Boney M, ABBA, Gloria Gaynor, KC, Eruption,\u00a0Donna Summer, Chic\u2026 et autres. Avec ses\u00a0chanteuses, choristes, danseuses et musicien, passionn\u00e9s et p\u00e9tillants, voici le Melt\u2019in Pop Band qui vous transportera sur des airs connus et reconnus de tous, juste\u00a0pour vous faire plaisir en&hellip; <br \/> <a class=\"read-more\" href=\"https:\/\/numidiamusic.com\/index.php\/meltin-pop-band-2\/presentation\/\">Lire la suite<\/a><\/p>\n","protected":false},"author":1,"featured_media":0,"parent":174,"menu_order":0,"comment_status":"closed","ping_status":"closed","template":"","meta":{"footnotes":""},"class_list":["post-106","page","type-page","status-publish","hentry"],"_links":{"self":[{"href":"https:\/\/numidiamusic.com\/index.php\/wp-json\/wp\/v2\/pages\/106","targetHints":{"allow":["GET"]}}],"collection":[{"href":"https:\/\/numidiamusic.com\/index.php\/wp-json\/wp\/v2\/pages"}],"about":[{"href":"https:\/\/numidiamusic.com\/index.php\/wp-json\/wp\/v2\/types\/page"}],"author":[{"embeddable":true,"href":"https:\/\/numidiamusic.com\/index.php\/wp-json\/wp\/v2\/users\/1"}],"replies":[{"embeddable":true,"href":"https:\/\/numidiamusic.com\/index.php\/wp-json\/wp\/v2\/comments?post=106"}],"version-history":[{"count":29,"href":"https:\/\/numidiamusic.com\/index.php\/wp-json\/wp\/v2\/pages\/106\/revisions"}],"predecessor-version":[{"id":383,"href":"https:\/\/numidiamusic.com\/index.php\/wp-json\/wp\/v2\/pages\/106\/revisions\/383"}],"up":[{"embeddable":true,"href":"https:\/\/numidiamusic.com\/index.php\/wp-json\/wp\/v2\/pages\/174"}],"wp:attachment":[{"href":"https:\/\/numidiamusic.com\/index.php\/wp-json\/wp\/v2\/media?parent=106"}],"curies":[{"name":"wp","href":"https:\/\/api.w.org\/{rel}","templated":true}]}}